{"id":1774,"date":"2022-11-23T18:15:39","date_gmt":"2022-11-23T18:15:39","guid":{"rendered":"https:\/\/dev.marissaar.com\/?post_type=product&#038;p=1774"},"modified":"2025-01-24T14:54:55","modified_gmt":"2025-01-24T11:54:55","slug":"hupnotisoori-ja-noustaja-life-coach-koolitus-veebis","status":"publish","type":"product","link":"https:\/\/dev.marissaar.com\/et\/toode\/hupnotisoori-ja-noustaja-life-coach-koolitus-veebis\/","title":{"rendered":"H\u00fcpnotis\u00f6\u00f6ri ja n\u00f5ustaja (life coach) koolitus veebis"},"content":{"rendered":"","protected":false},"excerpt":{"rendered":"","protected":false},"featured_media":1349,"template":"","meta":[],"product_cat":[87],"product_tag":[],"class_list":{"0":"post-1774","1":"product","2":"type-product","3":"status-publish","4":"has-post-thumbnail","6":"product_cat-kursused","8":"first","9":"instock","10":"sale","11":"virtual","12":"purchasable","13":"product-type-simple"},"_links":{"self":[{"href":"https:\/\/dev.marissaar.com\/et\/wp-json\/wp\/v2\/product\/1774"}],"collection":[{"href":"https:\/\/dev.marissaar.com\/et\/wp-json\/wp\/v2\/product"}],"about":[{"href":"https:\/\/dev.marissaar.com\/et\/wp-json\/wp\/v2\/types\/product"}],"wp:featuredmedia":[{"embeddable":true,"href":"https:\/\/dev.marissaar.com\/et\/wp-json\/wp\/v2\/media\/1349"}],"wp:attachment":[{"href":"https:\/\/dev.marissaar.com\/et\/wp-json\/wp\/v2\/media?parent=1774"}],"wp:term":[{"taxonomy":"product_cat","embeddable":true,"href":"https:\/\/dev.marissaar.com\/et\/wp-json\/wp\/v2\/product_cat?post=1774"},{"taxonomy":"product_tag","embeddable":true,"href":"https:\/\/dev.marissaar.com\/et\/wp-json\/wp\/v2\/product_tag?post=1774"}],"curies":[{"name":"wp","href":"https:\/\/api.w.org\/{rel}","templated":true}]}}