{"id":5654,"date":"2025-01-19T15:37:01","date_gmt":"2025-01-19T12:37:01","guid":{"rendered":"https:\/\/dev.marissaar.com\/?post_type=product&#038;p=5654"},"modified":"2025-02-24T11:21:53","modified_gmt":"2025-02-24T08:21:53","slug":"eelmuuki-tuli-kuidas-ennast-hupnotiseerida-e-raamat","status":"publish","type":"product","link":"https:\/\/dev.marissaar.com\/et\/toode\/eelmuuki-tuli-kuidas-ennast-hupnotiseerida-e-raamat\/","title":{"rendered":"Eelm\u00fc\u00fcki tuli kuidas ennast h\u00fcpnotiseerida e-raamat"},"content":{"rendered":"","protected":false},"excerpt":{"rendered":"","protected":false},"featured_media":5594,"template":"","meta":[],"product_cat":[90,87],"product_tag":[],"class_list":{"0":"post-5654","1":"product","2":"type-product","3":"status-publish","4":"has-post-thumbnail","6":"product_cat-hupnoosid","7":"product_cat-kursused","9":"first","10":"instock","11":"virtual","12":"purchasable","13":"product-type-simple"},"_links":{"self":[{"href":"https:\/\/dev.marissaar.com\/et\/wp-json\/wp\/v2\/product\/5654"}],"collection":[{"href":"https:\/\/dev.marissaar.com\/et\/wp-json\/wp\/v2\/product"}],"about":[{"href":"https:\/\/dev.marissaar.com\/et\/wp-json\/wp\/v2\/types\/product"}],"wp:featuredmedia":[{"embeddable":true,"href":"https:\/\/dev.marissaar.com\/et\/wp-json\/wp\/v2\/media\/5594"}],"wp:attachment":[{"href":"https:\/\/dev.marissaar.com\/et\/wp-json\/wp\/v2\/media?parent=5654"}],"wp:term":[{"taxonomy":"product_cat","embeddable":true,"href":"https:\/\/dev.marissaar.com\/et\/wp-json\/wp\/v2\/product_cat?post=5654"},{"taxonomy":"product_tag","embeddable":true,"href":"https:\/\/dev.marissaar.com\/et\/wp-json\/wp\/v2\/product_tag?post=5654"}],"curies":[{"name":"wp","href":"https:\/\/api.w.org\/{rel}","templated":true}]}}